{"id":4966,"date":"2023-09-16T11:58:05","date_gmt":"2023-09-16T11:58:05","guid":{"rendered":"https:\/\/agiletechwp.wowtheme7.com\/?page_id=4966"},"modified":"2023-09-16T11:58:05","modified_gmt":"2023-09-16T11:58:05","slug":"blog-grid","status":"publish","type":"page","link":"https:\/\/bluesec.ma\/index.php\/blog-grid\/","title":{"rendered":"Blog Grid"},"content":{"rendered":"\t\t<div data-elementor-type=\"wp-page\" data-elementor-id=\"4966\" class=\"elementor elementor-4966\" data-elementor-post-type=\"page\">\n\t\t\t\t\t\t<section class=\"elementor-section elementor-top-section elementor-element elementor-element-709b515 elementor-section-boxed elementor-section-height-default elementor-section-height-default\" data-id=\"709b515\" data-element_type=\"section\" data-e-type=\"section\">\n\t\t\t\t\t\t<div class=\"elementor-container elementor-column-gap-default\">\n\t\t\t\t\t<div class=\"elementor-column elementor-col-100 elementor-top-column elementor-element elementor-element-063a6bf\" data-id=\"063a6bf\" data-element_type=\"column\" data-e-type=\"column\">\n\t\t\t<div class=\"elementor-widget-wrap elementor-element-populated\">\n\t\t\t\t\t\t<div class=\"elementor-element elementor-element-71adaba elementor-widget elementor-widget-agiletech-blog-grid-list-two-widget\" data-id=\"71adaba\" data-element_type=\"widget\" data-e-type=\"widget\" data-widget_type=\"agiletech-blog-grid-list-two-widget.default\">\n\t\t\t\t<div class=\"elementor-widget-container\">\n\t\t\t\t\t        <div class=\"blog-list-item-wrap\">\n            <div class=\"row\">\n                                    \n\n                    <div class=\"col-lg-4 col-md-6\">\n\n                        <div class=\"single-blog-list default \">\n                            <div class=\"thumb lazyload\" style=\"background-image:inherit\" data-bg-image=\"url(https:\/\/bluesec.ma\/wp-content\/uploads\/2025\/10\/ChatGPT-Image-Oct-13-2025-03_36_16-PM.png)\">\n                                \n                                                            <\/div>\n                            <div class=\"details\">\n                                <ul class=\"blog-meta\">\n                                                                        \n                                    <li>\n                                        <i class=\"far fa-user\"><\/i>\n                                        <span class=\"user\">  <a class=\"post-by url fn n\" href=\"https:\/\/bluesec.ma\/index.php\/author\/root\/\"> Bluesec Team<\/a><\/span>                                    <\/li>\n                                    <li>\n                                        <i class=\"far fa-folder-open\"><\/i>\n                                        <a href=\"https:\/\/bluesec.ma\/index.php\/category\/soc\/\">SOC<\/a>                                    <\/li>\n                                <\/ul>\n                                <h5 class=\"mb-3\">\n                                    <a href=\"https:\/\/bluesec.ma\/index.php\/2025\/10\/21\/how-to-measure-soc-maturity-frameworks-kpis-benchmarks-for-2025\/\">How to Measure SOC Maturity- Frameworks, KPIs &amp; Benchmarks for 2025<\/a>\n                                <\/h5>\n                                                                    <a class=\"read-more-text\" href=\"https:\/\/bluesec.ma\/index.php\/2025\/10\/21\/how-to-measure-soc-maturity-frameworks-kpis-benchmarks-for-2025\/\">Discover More <i class=\"fa fa-plus\"><\/i><\/a>\n                                                            <\/div>\n                        <\/div>\n                    <\/div>\n\n                                    \n\n                    <div class=\"col-lg-4 col-md-6\">\n\n                        <div class=\"single-blog-list default \">\n                            <div class=\"thumb lazyload\" style=\"background-image:inherit\" data-bg-image=\"url(https:\/\/bluesec.ma\/wp-content\/uploads\/2023\/03\/Capture-decran-2024-12-11-125358.png)\">\n                                \n                                                            <\/div>\n                            <div class=\"details\">\n                                <ul class=\"blog-meta\">\n                                                                        \n                                    <li>\n                                        <i class=\"far fa-user\"><\/i>\n                                        <span class=\"user\">  <a class=\"post-by url fn n\" href=\"https:\/\/bluesec.ma\/index.php\/author\/root\/\"> Bluesec Team<\/a><\/span>                                    <\/li>\n                                    <li>\n                                        <i class=\"far fa-folder-open\"><\/i>\n                                        <a href=\"https:\/\/bluesec.ma\/index.php\/category\/marketing\/\">Marketing<\/a>                                    <\/li>\n                                <\/ul>\n                                <h5 class=\"mb-3\">\n                                    <a href=\"https:\/\/bluesec.ma\/index.php\/2023\/03\/04\/creating-engaging-content-a-guide-for-digital\/\">LES BRAQUAGES DU WEB3 \u2013 PLONGEE DANS LES EXPLOITS CYBERNETIQUES<\/a>\n                                <\/h5>\n                                                                    <a class=\"read-more-text\" href=\"https:\/\/bluesec.ma\/index.php\/2023\/03\/04\/creating-engaging-content-a-guide-for-digital\/\">Discover More <i class=\"fa fa-plus\"><\/i><\/a>\n                                                            <\/div>\n                        <\/div>\n                    <\/div>\n\n                                    \n\n                    <div class=\"col-lg-4 col-md-6\">\n\n                        <div class=\"single-blog-list default \">\n                            <div class=\"thumb lazyload\" style=\"background-image:inherit\" data-bg-image=\"url(https:\/\/bluesec.ma\/wp-content\/uploads\/2023\/03\/Capture-decran-2024-12-11-125358-1.png)\">\n                                \n                                                            <\/div>\n                            <div class=\"details\">\n                                <ul class=\"blog-meta\">\n                                                                        \n                                    <li>\n                                        <i class=\"far fa-user\"><\/i>\n                                        <span class=\"user\">  <a class=\"post-by url fn n\" href=\"https:\/\/bluesec.ma\/index.php\/author\/root\/\"> Bluesec Team<\/a><\/span>                                    <\/li>\n                                    <li>\n                                        <i class=\"far fa-folder-open\"><\/i>\n                                        <a href=\"https:\/\/bluesec.ma\/index.php\/category\/creative\/\">Creative<\/a>                                    <\/li>\n                                <\/ul>\n                                <h5 class=\"mb-3\">\n                                    <a href=\"https:\/\/bluesec.ma\/index.php\/2023\/03\/04\/the-importance-of-a-strong-digital-for-strategy\/\">Behind the code: UNC4393 et l&rsquo;\u00c9volution du Cybercrime<\/a>\n                                <\/h5>\n                                                                    <a class=\"read-more-text\" href=\"https:\/\/bluesec.ma\/index.php\/2023\/03\/04\/the-importance-of-a-strong-digital-for-strategy\/\">Discover More <i class=\"fa fa-plus\"><\/i><\/a>\n                                                            <\/div>\n                        <\/div>\n                    <\/div>\n\n                                    \n\n                    <div class=\"col-lg-4 col-md-6\">\n\n                        <div class=\"single-blog-list default \">\n                            <div class=\"thumb lazyload\" style=\"background-image:inherit\" data-bg-image=\"url(https:\/\/bluesec.ma\/wp-content\/uploads\/2023\/03\/Capture-decran-2024-12-11-125358-2.png)\">\n                                \n                                                            <\/div>\n                            <div class=\"details\">\n                                <ul class=\"blog-meta\">\n                                                                        \n                                    <li>\n                                        <i class=\"far fa-user\"><\/i>\n                                        <span class=\"user\">  <a class=\"post-by url fn n\" href=\"https:\/\/bluesec.ma\/index.php\/author\/root\/\"> Bluesec Team<\/a><\/span>                                    <\/li>\n                                    <li>\n                                        <i class=\"far fa-folder-open\"><\/i>\n                                        <a href=\"https:\/\/bluesec.ma\/index.php\/category\/agency\/\">Agency<\/a>                                    <\/li>\n                                <\/ul>\n                                <h5 class=\"mb-3\">\n                                    <a href=\"https:\/\/bluesec.ma\/index.php\/2023\/03\/04\/transforming-businesses-one-pixel-at-a-time-guide\/\">Espionnage Cybern\u00e9tique : D\u00e9cryptage des Op\u00e9rations de UNC3886<\/a>\n                                <\/h5>\n                                                                    <a class=\"read-more-text\" href=\"https:\/\/bluesec.ma\/index.php\/2023\/03\/04\/transforming-businesses-one-pixel-at-a-time-guide\/\">Discover More <i class=\"fa fa-plus\"><\/i><\/a>\n                                                            <\/div>\n                        <\/div>\n                    <\/div>\n\n                                    \n\n                    <div class=\"col-lg-4 col-md-6\">\n\n                        <div class=\"single-blog-list default \">\n                            <div class=\"thumb lazyload\" style=\"background-image:inherit\" data-bg-image=\"url(https:\/\/bluesec.ma\/wp-content\/uploads\/2024\/10\/Capture-decran-2024-12-11-125358.png)\">\n                                \n                                                            <\/div>\n                            <div class=\"details\">\n                                <ul class=\"blog-meta\">\n                                                                        \n                                    <li>\n                                        <i class=\"far fa-user\"><\/i>\n                                        <span class=\"user\">  <a class=\"post-by url fn n\" href=\"https:\/\/bluesec.ma\/index.php\/author\/root\/\"> Bluesec Team<\/a><\/span>                                    <\/li>\n                                    <li>\n                                        <i class=\"far fa-folder-open\"><\/i>\n                                        <a href=\"https:\/\/bluesec.ma\/index.php\/category\/non-classe\/\">Non class\u00e9<\/a>                                    <\/li>\n                                <\/ul>\n                                <h5 class=\"mb-3\">\n                                    <a href=\"https:\/\/bluesec.ma\/index.php\/2024\/10\/22\/bonjour-tout-le-monde\/\">Behind the Code: L&rsquo;Exploit Zero-Day FortiManager D\u00e9voil\u00e9<\/a>\n                                <\/h5>\n                                                                    <a class=\"read-more-text\" href=\"https:\/\/bluesec.ma\/index.php\/2024\/10\/22\/bonjour-tout-le-monde\/\">Discover More <i class=\"fa fa-plus\"><\/i><\/a>\n                                                            <\/div>\n                        <\/div>\n                    <\/div>\n\n                                                    <div class=\"col-lg-12\">\n                        <div class=\"blog-pagination text-left margin-top-20\">\n                            \n                                                        <\/div>\n                    <\/div>\n                            <\/div>\n        <\/div>\n        \t\t\t\t<\/div>\n\t\t\t\t<\/div>\n\t\t\t\t\t<\/div>\n\t\t<\/div>\n\t\t\t\t\t<\/div>\n\t\t<\/section>\n\t\t\t\t<\/div>\n\t\t","protected":false},"excerpt":{"rendered":"<p>agiletech Marketing Creating Engaging Content: A Guide for Digital Discover More agiletech Creative The Importance of a Strong Digital for Strategy Discover More agiletech Agency Transforming businesses, one pixel at a time Guide Discover More agiletech Finance A Beginner&#8217;s a Successful Agricultural Guide to Running Discover More agiletech Consulting Successful Agricultural Guide to Running Beginner<\/p>\n","protected":false},"author":1,"featured_media":0,"parent":0,"menu_order":0,"comment_status":"closed","ping_status":"closed","template":"","meta":{"om_disable_all_campaigns":false,"inline_featured_image":false,"_monsterinsights_skip_tracking":false,"_monsterinsights_sitenote_active":false,"_monsterinsights_sitenote_note":"","_monsterinsights_sitenote_category":0,"footnotes":""},"class_list":["post-4966","page","type-page","status-publish","hentry"],"aioseo_notices":[],"_links":{"self":[{"href":"https:\/\/bluesec.ma\/index.php\/wp-json\/wp\/v2\/pages\/4966","targetHints":{"allow":["GET"]}}],"collection":[{"href":"https:\/\/bluesec.ma\/index.php\/wp-json\/wp\/v2\/pages"}],"about":[{"href":"https:\/\/bluesec.ma\/index.php\/wp-json\/wp\/v2\/types\/page"}],"author":[{"embeddable":true,"href":"https:\/\/bluesec.ma\/index.php\/wp-json\/wp\/v2\/users\/1"}],"replies":[{"embeddable":true,"href":"https:\/\/bluesec.ma\/index.php\/wp-json\/wp\/v2\/comments?post=4966"}],"version-history":[{"count":0,"href":"https:\/\/bluesec.ma\/index.php\/wp-json\/wp\/v2\/pages\/4966\/revisions"}],"wp:attachment":[{"href":"https:\/\/bluesec.ma\/index.php\/wp-json\/wp\/v2\/media?parent=4966"}],"curies":[{"name":"wp","href":"https:\/\/api.w.org\/{rel}","templated":true}]}}